{"id":101,"date":"2020-02-06T15:28:24","date_gmt":"2020-02-06T15:28:24","guid":{"rendered":"http:\/\/tktore.com\/?page_id=101"},"modified":"2023-01-12T11:44:02","modified_gmt":"2023-01-12T11:44:02","slug":"minewatch","status":"publish","type":"page","link":"https:\/\/tktore.com\/","title":{"rendered":"Ana Sayfa"},"content":{"rendered":"<div id=\"pl-gb101-69e5e8a1c8f91\"  class=\"panel-layout\" ><div id=\"pg-gb101-69e5e8a1c8f91-0\"  class=\"panel-grid panel-has-style\" ><div class=\"siteorigin-panels-stretch panel-row-style panel-row-style-for-gb101-69e5e8a1c8f91-0\" style=\"padding-top: 0px; padding-bottom: 0px; \" data-stretch-type=\"full-width-stretch\" data-mobile-padding=\"50px\" data-overlay-color=\"#000000\" ><div id=\"pgc-gb101-69e5e8a1c8f91-0-0\"  class=\"panel-grid-cell\" ><div id=\"panel-gb101-69e5e8a1c8f91-0-0-0\" class=\"so-panel widget_sow-hero panel-first-child panel-last-child\" data-index=\"0\" ><div style=\"text-align: left;\" data-title-color=\"#2d3142\" data-headings-color=\"#2d3142\" class=\"panel-widget-style panel-widget-style-for-gb101-69e5e8a1c8f91-0-0-0\" ><div\n\t\t\t\n\t\t\tclass=\"so-widget-sow-hero so-widget-sow-hero-default-65fae7f20574-101 so-widget-fittext-wrapper\"\n\t\t\t data-fit-text-compressor=\"0.85\"\n\t\t>\t\t\t\t<div class=\"sow-slider-base\" style=\"display: none\" tabindex=\"0\">\n\t\t\t\t\t<ul\n\t\t\t\t\tclass=\"sow-slider-images\"\n\t\t\t\t\tdata-settings=\"{&quot;pagination&quot;:true,&quot;speed&quot;:800,&quot;timeout&quot;:8000,&quot;paused&quot;:false,&quot;pause_on_hover&quot;:false,&quot;swipe&quot;:true,&quot;nav_always_show_desktop&quot;:&quot;&quot;,&quot;nav_always_show_mobile&quot;:&quot;&quot;,&quot;breakpoint&quot;:&quot;780px&quot;,&quot;unmute&quot;:false,&quot;anchor&quot;:null}\"\n\t\t\t\t\t\t\t\t\t\tdata-anchor-id=\"\"\n\t\t\t\t>\t\t<li class=\"sow-slider-image  sow-slider-image-cover\" style=\"visibility: visible;;background-color: #333333;background-image: url(https:\/\/tktore.com\/wp-content\/uploads\/2019\/12\/trucklogimage_1.jpg)\" >\n\t\t\t\t\t<div class=\"sow-slider-image-container\">\n\t\t\t<div class=\"sow-slider-image-wrapper\">\n\t\t\t\t\t\t\t<\/div>\n\t\t<\/div>\n\t\t\t\t<\/li>\n\t\t\t\t<li class=\"sow-slider-image  sow-slider-image-cover\" style=\"visibility: hidden;;background-color: #333333\" data-background=\"url(https:\/\/tktore.com\/wp-content\/uploads\/2019\/12\/conveyor1.png)\" >\n\t\t\t\t\t<div class=\"sow-slider-image-container\">\n\t\t\t<div class=\"sow-slider-image-wrapper\">\n\t\t\t\t\t\t\t<\/div>\n\t\t<\/div>\n\t\t\t\t<\/li>\n\t\t\t\t<li class=\"sow-slider-image  sow-slider-image-cover\" style=\"visibility: hidden;;background-color: #333333\" data-background=\"url(https:\/\/tktore.com\/wp-content\/uploads\/2019\/12\/takip.png)\" >\n\t\t\t\t\t<div class=\"sow-slider-image-container\">\n\t\t\t<div class=\"sow-slider-image-wrapper\">\n\t\t\t\t\t\t\t<\/div>\n\t\t<\/div>\n\t\t\t\t<\/li>\n\t\t<\/ul>\t\t\t\t<ol class=\"sow-slider-pagination\">\n\t\t\t\t\t\t\t\t\t\t\t<li><a href=\"#\" data-goto=\"0\" aria-label=\"display slide 1\"><\/a><\/li>\n\t\t\t\t\t\t\t\t\t\t\t<li><a href=\"#\" data-goto=\"1\" aria-label=\"display slide 2\"><\/a><\/li>\n\t\t\t\t\t\t\t\t\t\t\t<li><a href=\"#\" data-goto=\"2\" aria-label=\"display slide 3\"><\/a><\/li>\n\t\t\t\t\t\t\t\t\t<\/ol>\n\n\t\t\t\t<div class=\"sow-slide-nav sow-slide-nav-next\">\n\t\t\t\t\t<a href=\"#\" data-goto=\"next\" aria-label=\"next slide\" data-action=\"next\">\n\t\t\t\t\t\t<em class=\"sow-sld-icon-thin-right\"><\/em>\n\t\t\t\t\t<\/a>\n\t\t\t\t<\/div>\n\n\t\t\t\t<div class=\"sow-slide-nav sow-slide-nav-prev\">\n\t\t\t\t\t<a href=\"#\" data-goto=\"previous\" aria-label=\"previous slide\" data-action=\"prev\">\n\t\t\t\t\t\t<em class=\"sow-sld-icon-thin-left\"><\/em>\n\t\t\t\t\t<\/a>\n\t\t\t\t<\/div>\n\t\t\t\t<\/div><\/div><\/div><\/div><\/div><\/div><\/div><div id=\"pg-gb101-69e5e8a1c8f91-1\"  class=\"panel-grid panel-has-style\" ><div style=\"padding-top: 100px; padding-bottom: 100px; \" data-mobile-padding=\"50px\" class=\"panel-row-style panel-row-style-for-gb101-69e5e8a1c8f91-1\" ><div id=\"pgc-gb101-69e5e8a1c8f91-1-0\"  class=\"panel-grid-cell\" ><div id=\"panel-gb101-69e5e8a1c8f91-1-0-0\" class=\"so-panel widget_sow-headline panel-first-child panel-last-child\" data-index=\"1\" ><div style=\"text-align: left;\" data-title-color=\"#2d3142\" data-headings-color=\"#2d3142\" class=\"panel-widget-style panel-widget-style-for-gb101-69e5e8a1c8f91-1-0-0\" ><div\n\t\t\t\n\t\t\tclass=\"so-widget-sow-headline so-widget-sow-headline-default-0fa944dd9c23-101 so-widget-fittext-wrapper\"\n\t\t\t data-fit-text-compressor=\"0.85\"\n\t\t><div class=\"sow-headline-container \">\n\t\t\t\t\t\t\t<h3 class=\"sow-sub-headline\">\n\t\t\t\t\t\t1982 y\u0131l\u0131nda PETROKEMA ad\u0131yla G\u00fcrkaynak Alpay taraf\u0131ndan kurulan firmam\u0131z, uzman kadrosu ve nesilden nesile gecen birikimiyle maden, ocak, petrol, do\u011fal gaz ve jeotermal i\u015fletmelerinin ihtiya\u00e7lar\u0131na kar\u015f\u0131l\u0131k vermektedir. \t\t\t\t\t\t<\/h3>\n\t\t\t\t\t\t<\/div>\n<\/div><\/div><\/div><\/div><\/div><\/div><div id=\"pg-gb101-69e5e8a1c8f91-2\"  class=\"panel-grid panel-has-style\" ><div style=\"padding-top: 0px; padding-bottom: 0px; \" data-mobile-padding=\"50px\" data-overlay-color=\"#000000\" class=\"panel-row-style panel-row-style-for-gb101-69e5e8a1c8f91-2\" ><div id=\"pgc-gb101-69e5e8a1c8f91-2-0\"  class=\"panel-grid-cell\" ><div id=\"panel-gb101-69e5e8a1c8f91-2-0-0\" class=\"so-panel widget_sow-headline panel-first-child\" data-index=\"2\" ><div style=\"text-align: left;\" data-title-color=\"#2d3142\" data-headings-color=\"#2d3142\" class=\"panel-widget-style panel-widget-style-for-gb101-69e5e8a1c8f91-2-0-0\" ><div\n\t\t\t\n\t\t\tclass=\"so-widget-sow-headline so-widget-sow-headline-default-0fa944dd9c23-101 so-widget-fittext-wrapper\"\n\t\t\t data-fit-text-compressor=\"0.85\"\n\t\t><div class=\"sow-headline-container \">\n\t\t\t\t\t\t\t<h1 class=\"sow-headline\">\n\t\t\t\t\t\t\u00c7ALI\u015eMA ALANLARIMIZ\t\t\t\t\t\t<\/h1>\n\t\t\t\t\t\t<\/div>\n<\/div><\/div><\/div><div id=\"panel-gb101-69e5e8a1c8f91-2-0-1\" class=\"so-panel widget_sow-features panel-last-child\" data-index=\"3\" ><div style=\"text-align: left;\" data-title-color=\"#2d3142\" data-headings-color=\"#2d3142\" class=\"panel-widget-style panel-widget-style-for-gb101-69e5e8a1c8f91-2-0-1\" ><div\n\t\t\t\n\t\t\tclass=\"so-widget-sow-features so-widget-sow-features-default-d3d66080c049-101\"\n\t\t\t\n\t\t>\n<div class=\"sow-features-list sow-features-responsive\">\n\n\t\t\t\t\t\t\t\t\t<div\n\t\t\t\tclass=\"sow-features-feature sow-icon-container-position-top\"\n\t\t\t\tstyle=\"display: flex; flex-direction: column; width: calc(33.333% - 25px);\"\n\t\t\t>\n\t\t\t\n\t\t\t\t\t\t\t\t<div\n\t\t\t\t\tclass=\"sow-icon-container sow-container-none\"\n\t\t\t\t\tstyle=\"color: ; \"\n\t\t\t\t\t\t\t\t\t>\n\t\t\t\t\t<span class=\"sow-icon-fontawesome sow-fas\" data-sow-icon=\"&#xf51c;\"\n\t\tstyle=\"font-size: 48px; color: #333333\" \n\t\taria-hidden=\"true\"><\/span>\t\t\t\t<\/div>\n\t\t\t\t\n\t\t\t\t<div class=\"textwidget\">\n\t\t\t\t\t\n\t\t\t\t\t\t\t\t\t\t\t<h5>\n\t\t\t\t\t\t\t\n\t\t\t\t\t\t\tMaden Kontrol ve \u0130zleme Sistemleri (SCADA)\t\t\t\t\t\t\t\t\t\t\t\t\t<\/h5>\n\t\t\t\t\t\n\t\t\t\t\t\t\t\t\t\t\t<p>G\u00fcn\u00fcm\u00fcz madencili\u011finin gereklili\u011fi olan, maden kontrol ve izleme ihtiyac\u0131na kar\u015f\u0131l\u0131k olarak geli\u015ftirilen MineSCADA\u00ae sistemi<\/p>\n\t\t\t\t\t\n\t\t\t\t\t\t\t\t\t<\/div>\n\t\t\t\t\t\t\t\t\n\t\t\t\t\t\t\t<\/div>\n\n\t\t\t\t\t\t\t\t<div\n\t\t\t\tclass=\"sow-features-feature sow-icon-container-position-top\"\n\t\t\t\tstyle=\"display: flex; flex-direction: column; width: calc(33.333% - 25px);\"\n\t\t\t>\n\t\t\t\n\t\t\t\t\t\t\t\t<div\n\t\t\t\t\tclass=\"sow-icon-container sow-container-none\"\n\t\t\t\t\tstyle=\"color: #404040; \"\n\t\t\t\t\t\t\t\t\t>\n\t\t\t\t\t<div class=\"sow-icon-image\" style=\"background-image: url(https:\/\/tktore.com\/wp-content\/uploads\/2020\/02\/88-512.png); font-size: 48px\"><\/div>\t\t\t\t<\/div>\n\t\t\t\t\n\t\t\t\t<div class=\"textwidget\">\n\t\t\t\t\t\n\t\t\t\t\t\t\t\t\t\t\t<h5>\n\t\t\t\t\t\t\t\n\t\t\t\t\t\t\tKonvey\u00f6r Kontrol, \u0130zleme ve G\u00fcvenli\u011fi\t\t\t\t\t\t\t\t\t\t\t\t\t<\/h5>\n\t\t\t\t\t\n\t\t\t\t\t\t\t\t\t\t\t<p>\u00c7ekme anahtarlar\u0131, kay\u0131\u015f hizalama ve y\u0131rt\u0131lma sens\u00f6rleri, d\u00f6k\u00fclme dedekt\u00f6rleri ile dijital ve analog kayma dedekt\u00f6rleri<\/p>\n\t\t\t\t\t\n\t\t\t\t\t\t\t\t\t<\/div>\n\t\t\t\t\t\t\t\t\n\t\t\t\t\t\t\t<\/div>\n\n\t\t\t\t\t\t\t\t<div\n\t\t\t\tclass=\"sow-features-feature sow-icon-container-position-top\"\n\t\t\t\tstyle=\"display: flex; flex-direction: column; width: calc(33.333% - 25px);\"\n\t\t\t>\n\t\t\t\n\t\t\t\t\t\t\t\t<div\n\t\t\t\t\tclass=\"sow-icon-container sow-container-none\"\n\t\t\t\t\tstyle=\"color: #404040; \"\n\t\t\t\t\t\t\t\t\t>\n\t\t\t\t\t<span class=\"sow-icon-fontawesome sow-fas\" data-sow-icon=\"&#xf807;\"\n\t\tstyle=\"font-size: 48px; color: #333333\" \n\t\taria-hidden=\"true\"><\/span>\t\t\t\t<\/div>\n\t\t\t\t\n\t\t\t\t<div class=\"textwidget\">\n\t\t\t\t\t\n\t\t\t\t\t\t\t\t\t\t\t<h5>\n\t\t\t\t\t\t\t\n\t\t\t\t\t\t\tPersonel ve Demirba\u015f Takip Sistemleri\t\t\t\t\t\t\t\t\t\t\t\t\t<\/h5>\n\t\t\t\t\t\n\t\t\t\t\t\t\t\t\t\t\t<div class=\"tlid-input input\">\n<div class=\"source-wrap\">\n<div class=\"input-full-height-wrapper tlid-input-full-height-wrapper\">\n<div class=\"source-input\">\n<div class=\"source-footer-wrap source-or-target-footer\">\n<div class=\"character-count tlid-character-count\"><\/div>\n<\/div>\n<\/div>\n<\/div>\n<\/div>\n<\/div>\n<div class=\"tlid-results-container results-container\">\n<div class=\"tlid-result result-dict-wrapper\">\n<div class=\"result tlid-copy-target\">\n<div class=\"result-header\">\n<div class=\"starbutton jfk-button-flat jfk-button unstarred\" role=\"button\" aria-label=\"Star translation\" data-tooltip=\"Star translation\" data-tooltip-align=\"t,c\">\n<div class=\"jfk-button-img\">Yeralt\u0131 mineral ve k\u00f6m\u00fcr madenlerinde \u00e7al\u0131\u015fan personel, ekipman ve ara\u00e7 takibine y\u00f6nelik sistemler<\/div>\n<\/div>\n<\/div>\n<\/div>\n<\/div>\n<\/div>\n\t\t\t\t\t\n\t\t\t\t\t\t\t\t\t<\/div>\n\t\t\t\t\t\t\t\t\n\t\t\t\t\t\t\t<\/div>\n\n\t\t\t\t\t\t\t\t<div\n\t\t\t\tclass=\"sow-features-feature sow-icon-container-position-top\"\n\t\t\t\tstyle=\"display: flex; flex-direction: column; width: calc(33.333% - 25px);\"\n\t\t\t>\n\t\t\t\n\t\t\t\t\t\t\t\t<div\n\t\t\t\t\tclass=\"sow-icon-container sow-container-none\"\n\t\t\t\t\tstyle=\"color: #404040; \"\n\t\t\t\t\t\t\t\t\t>\n\t\t\t\t\t<span class=\"sow-icon-fontawesome sow-fas\" data-sow-icon=\"&#xf6b6;\"\n\t\tstyle=\"font-size: 48px; color: #333333\" \n\t\taria-hidden=\"true\"><\/span>\t\t\t\t<\/div>\n\t\t\t\t\n\t\t\t\t<div class=\"textwidget\">\n\t\t\t\t\t\n\t\t\t\t\t\t\t\t\t\t\t<h5>\n\t\t\t\t\t\t\t\n\t\t\t\t\t\t\t\u0130leti\u015fim Sistemleri\t\t\t\t\t\t\t\t\t\t\t\t\t<\/h5>\n\t\t\t\t\t\n\t\t\t\t\t\t\t\t\t\t\t<p>\u0130\u015fletme ve madeninizde g\u00fcvenli\u011fi art\u0131ran ileti\u015fim sistemleri<\/p>\n\t\t\t\t\t\n\t\t\t\t\t\t\t\t\t<\/div>\n\t\t\t\t\t\t\t\t\n\t\t\t\t\t\t\t<\/div>\n\n\t\t\t\t\t\t\t\t<div\n\t\t\t\tclass=\"sow-features-feature sow-icon-container-position-top\"\n\t\t\t\tstyle=\"display: flex; flex-direction: column; width: calc(33.333% - 25px);\"\n\t\t\t>\n\t\t\t\n\t\t\t\t\t\t\t\t<div\n\t\t\t\t\tclass=\"sow-icon-container sow-container-none\"\n\t\t\t\t\tstyle=\"color: #404040; \"\n\t\t\t\t\t\t\t\t\t>\n\t\t\t\t\t<span class=\"sow-icon-icomoon\" data-sow-icon=\"&#xe914;\"\n\t\tstyle=\"font-size: 48px; color: #333333\" \n\t\taria-hidden=\"true\"><\/span>\t\t\t\t<\/div>\n\t\t\t\t\n\t\t\t\t<div class=\"textwidget\">\n\t\t\t\t\t\n\t\t\t\t\t\t\t\t\t\t\t<h5>\n\t\t\t\t\t\t\t\n\t\t\t\t\t\t\tVideo G\u00f6r\u00fcnt\u00fcleme Sistemleri ve Programlanabilir Ekranlar\t\t\t\t\t\t\t\t\t\t\t\t\t<\/h5>\n\t\t\t\t\t\n\t\t\t\t\t\t\t\t\t\t\t<p>SCADA sistemlerini geli\u015ftirmek \u00fczere kullan\u0131lan video kamera ve programlanabilir ekranlar<\/p>\n\t\t\t\t\t\n\t\t\t\t\t\t\t\t\t<\/div>\n\t\t\t\t\t\t\t\t\n\t\t\t\t\t\t\t<\/div>\n\n\t\t\t\t\t\t\t\t<div\n\t\t\t\tclass=\"sow-features-feature sow-icon-container-position-top\"\n\t\t\t\tstyle=\"display: flex; flex-direction: column; width: calc(33.333% - 25px);\"\n\t\t\t>\n\t\t\t\n\t\t\t\t\t\t\t\t<div\n\t\t\t\t\tclass=\"sow-icon-container sow-container-none\"\n\t\t\t\t\tstyle=\"color: #404040; \"\n\t\t\t\t\t\t\t\t\t>\n\t\t\t\t\t<span class=\"sow-icon-fontawesome sow-fas\" data-sow-icon=\"&#xf5e7;\"\n\t\tstyle=\"font-size: 48px; color: #333333\" \n\t\taria-hidden=\"true\"><\/span>\t\t\t\t<\/div>\n\t\t\t\t\n\t\t\t\t<div class=\"textwidget\">\n\t\t\t\t\t\n\t\t\t\t\t\t\t\t\t\t\t<h5>\n\t\t\t\t\t\t\t\n\t\t\t\t\t\t\tG\u00fc\u00e7 Kaynaklar\u0131 ve R\u00f6leler\t\t\t\t\t\t\t\t\t\t\t\t\t<\/h5>\n\t\t\t\t\t\n\t\t\t\t\t\t\t\t\t\t\t<p>Kendinden emniyetli kontrol\u00f6r ve sens\u00f6rler i\u00e7in basit ve sa\u011flam \u00e7\u00f6z\u00fcmler sunan, y\u00fcksek kapasiteli ve kendinden emniyetli g\u00fc\u00e7 kaynaklar\u0131 ve r\u00f6le \u00fcniteleri<\/p>\n\t\t\t\t\t\n\t\t\t\t\t\t\t\t\t<\/div>\n\t\t\t\t\t\t\t\t\n\t\t\t\t\t\t\t<\/div>\n\n\t\t\t\t\t\t\t\t<div\n\t\t\t\tclass=\"sow-features-feature sow-icon-container-position-top\"\n\t\t\t\tstyle=\"display: flex; flex-direction: column; width: calc(33.333% - 25px);\"\n\t\t\t>\n\t\t\t\n\t\t\t\t\t\t\t\t<div\n\t\t\t\t\tclass=\"sow-icon-container sow-container-none\"\n\t\t\t\t\tstyle=\"color: #404040; \"\n\t\t\t\t\t\t\t\t\t>\n\t\t\t\t\t<span class=\"sow-icon-fontawesome sow-fas\" data-sow-icon=\"&#xf1b8;\"\n\t\tstyle=\"font-size: 48px; color: #333333\" \n\t\taria-hidden=\"true\"><\/span>\t\t\t\t<\/div>\n\t\t\t\t\n\t\t\t\t<div class=\"textwidget\">\n\t\t\t\t\t\n\t\t\t\t\t\t\t\t\t\t\t<h5>\n\t\t\t\t\t\t\t\n\t\t\t\t\t\t\tSusuzla\u015ft\u0131rma ve Filtreleme \u00c7\u00f6z\u00fcmleri\t\t\t\t\t\t\t\t\t\t\t\t\t<\/h5>\n\t\t\t\t\t\n\t\t\t\t\t\t\t\t\t\t\t<p>\u0130nce partik\u00fcllerin ve pigmentlerin\u00a0 filtrasyonu, veya k\u0131ymetli kataliz\u00f6rlerin geri kazan\u0131lmas\u0131 i\u00e7in filtrasyon \u00e7\u00f6z\u00fcmleri<\/p>\n\t\t\t\t\t\n\t\t\t\t\t\t\t\t\t<\/div>\n\t\t\t\t\t\t\t\t\n\t\t\t\t\t\t\t<\/div>\n\n\t\t\t\t\t\t\t\t<div\n\t\t\t\tclass=\"sow-features-feature sow-icon-container-position-top\"\n\t\t\t\tstyle=\"display: flex; flex-direction: column; width: calc(33.333% - 25px);\"\n\t\t\t>\n\t\t\t\n\t\t\t\t\t\t\t\t<div\n\t\t\t\t\tclass=\"sow-icon-container sow-container-none\"\n\t\t\t\t\tstyle=\"color: #404040; \"\n\t\t\t\t\t\t\t\t\t>\n\t\t\t\t\t<span class=\"sow-icon-fontawesome sow-fas\" data-sow-icon=\"&#xf160;\"\n\t\tstyle=\"font-size: 48px; color: #333333\" \n\t\taria-hidden=\"true\"><\/span>\t\t\t\t<\/div>\n\t\t\t\t\n\t\t\t\t<div class=\"textwidget\">\n\t\t\t\t\t\n\t\t\t\t\t\t\t\t\t\t\t<h5>\n\t\t\t\t\t\t\t\n\t\t\t\t\t\t\tManyetik Bilyal\u0131 De\u011firmen\t\t\t\t\t\t\t\t\t\t\t\t\t<\/h5>\n\t\t\t\t\t\n\t\t\t\t\t\t\t\t\t\t\t<p>S\u0131v\u0131 i\u00e7erisindeki kat\u0131lar\u0131n ultra incetilme prosesi i\u00e7in uygun manyetik bilyal\u0131 de\u011firmenler<\/p>\n\t\t\t\t\t\n\t\t\t\t\t\t\t\t\t<\/div>\n\t\t\t\t\t\t\t\t\n\t\t\t\t\t\t\t<\/div>\n\n\t\t\t\t\t\t\t\t<div\n\t\t\t\tclass=\"sow-features-feature sow-icon-container-position-top\"\n\t\t\t\tstyle=\"display: flex; flex-direction: column; width: calc(33.333% - 25px);\"\n\t\t\t>\n\t\t\t\n\t\t\t\t\t\t\t\t<div\n\t\t\t\t\tclass=\"sow-icon-container sow-container-none\"\n\t\t\t\t\tstyle=\"color: #404040; \"\n\t\t\t\t\t\t\t\t\t>\n\t\t\t\t\t<div class=\"sow-icon-image\" style=\"background-image: url(https:\/\/tktore.com\/wp-content\/uploads\/2020\/09\/116160-200.png); font-size: 48px\"><\/div>\t\t\t\t<\/div>\n\t\t\t\t\n\t\t\t\t<div class=\"textwidget\">\n\t\t\t\t\t\n\t\t\t\t\t\t\t\t\t\t\t<h5>\n\t\t\t\t\t\t\t\n\t\t\t\t\t\t\tNDT \u00c7elik Halat Kontrol\u00fc\t\t\t\t\t\t\t\t\t\t\t\t\t<\/h5>\n\t\t\t\t\t\n\t\t\t\t\t\t\t\t\t\t\t<p>Geleneksel inceleme y\u00f6ntemleri ile tespit edilemeyen ve g\u00f6zle g\u00f6r\u00fclemeyen halat i\u00e7erisindeki bir\u00e7ok kusur, deformasyon ve halat i\u00e7i k\u0131r\u0131lmalar\u0131n\u0131n kolayca tespiti<\/p>\n\t\t\t\t\t\n\t\t\t\t\t\t\t\t\t<\/div>\n\t\t\t\t\t\t\t\t\n\t\t\t\t\t\t\t<\/div>\n\n\t\t\t\n<\/div>\n<\/div><\/div><\/div><\/div><\/div><\/div><div id=\"pg-gb101-69e5e8a1c8f91-3\"  class=\"panel-grid panel-has-style\" ><div style=\"padding-top: 100px; padding-bottom: 100px; \" data-mobile-padding=\"50px\" data-overlay-color=\"#000000\" class=\"panel-row-style panel-row-style-for-gb101-69e5e8a1c8f91-3\" ><div id=\"pgc-gb101-69e5e8a1c8f91-3-0\"  class=\"panel-grid-cell\" ><div id=\"panel-gb101-69e5e8a1c8f91-3-0-0\" class=\"so-panel widget_sow-headline panel-first-child\" data-index=\"4\" ><div style=\"text-align: left;\" data-title-color=\"#2d3142\" data-headings-color=\"#2d3142\" class=\"panel-widget-style panel-widget-style-for-gb101-69e5e8a1c8f91-3-0-0\" ><div\n\t\t\t\n\t\t\tclass=\"so-widget-sow-headline so-widget-sow-headline-default-af5568180956-101 so-widget-fittext-wrapper\"\n\t\t\t data-fit-text-compressor=\"0.85\"\n\t\t><div class=\"sow-headline-container \">\n\t\t\t\t\t\t\t<h1 class=\"sow-headline\">\n\t\t\t\t\t\tREFERANSLARIMIZ\t\t\t\t\t\t<\/h1>\n\t\t\t\t\t\t<\/div>\n<\/div><\/div><\/div><div id=\"panel-gb101-69e5e8a1c8f91-3-0-1\" class=\"so-panel widget_athemes_clients athemes_clients_widget panel-last-child\" data-index=\"5\" ><div style=\"text-align: left;\" data-title-color=\"#2d3142\" data-headings-color=\"#2d3142\" class=\"panel-widget-style panel-widget-style-for-gb101-69e5e8a1c8f91-3-0-1\" >\t\t<div class=\"featured-section clearfix\">\r\n\r\n\t\t\t\t\t\t\t\r\n\t\t\t\t\t\t\t\t\t\t\t\t\r\n\t\t\t\t\t\t\t\t<div class=\"featured-item\">\r\n\t\t\t\t\t<div class=\"featured-img\">\r\n\t\t\t\t\t\t\t\t\t\t\t<a target=\"_self\" href=\"http:\/\/www.tki.gov.tr\/\"><img loading=\"lazy\" decoding=\"async\" width=\"200\" height=\"195\" src=\"https:\/\/tktore.com\/wp-content\/uploads\/2020\/09\/tki-turkiye-komur-isletmeleri-kurumu-logo-8BC5AF0729-seeklogo.com_-200x195.png\" class=\"attachment-talon-home-small size-talon-home-small wp-post-image\" alt=\"\" srcset=\"https:\/\/tktore.com\/wp-content\/uploads\/2020\/09\/tki-turkiye-komur-isletmeleri-kurumu-logo-8BC5AF0729-seeklogo.com_-200x195.png 200w, https:\/\/tktore.com\/wp-content\/uploads\/2020\/09\/tki-turkiye-komur-isletmeleri-kurumu-logo-8BC5AF0729-seeklogo.com_.png 300w\" sizes=\"auto, (max-width: 200px) 100vw, 200px\" \/><\/a>\r\n\t\t\t\t\t\t\t\t\t\t<\/div>\r\n\t\t\t\t\t<div class=\"featured-text\">\r\n\t\t\t\t\t\t<h5>T\u00fcrkiye K\u00f6m\u00fcr \u0130\u015fletmeleri<\/h5>\r\n\t\t\t\t\t<\/div>\r\n\t\t\t\t<\/div>\r\n\t\t\t\t\r\n\t\t\t\t\t\t\t\t\t\t\t\t\r\n\t\t\t\t\t\t\t\t<div class=\"featured-item\">\r\n\t\t\t\t\t<div class=\"featured-img\">\r\n\t\t\t\t\t\t\t\t\t\t\t<a target=\"_self\" href=\"http:\/\/www.cinergroup.com.tr\/enerji-madencilik\/park-termik\"><img loading=\"lazy\" decoding=\"async\" width=\"200\" height=\"113\" src=\"https:\/\/tktore.com\/wp-content\/uploads\/2020\/02\/1269836_320x180-200x113.jpg\" class=\"attachment-talon-home-small size-talon-home-small wp-post-image\" alt=\"\" srcset=\"https:\/\/tktore.com\/wp-content\/uploads\/2020\/02\/1269836_320x180-200x113.jpg 200w, https:\/\/tktore.com\/wp-content\/uploads\/2020\/02\/1269836_320x180-300x169.jpg 300w, https:\/\/tktore.com\/wp-content\/uploads\/2020\/02\/1269836_320x180.jpg 320w\" sizes=\"auto, (max-width: 200px) 100vw, 200px\" \/><\/a>\r\n\t\t\t\t\t\t\t\t\t\t<\/div>\r\n\t\t\t\t\t<div class=\"featured-text\">\r\n\t\t\t\t\t\t<h5>Park Termik<\/h5>\r\n\t\t\t\t\t<\/div>\r\n\t\t\t\t<\/div>\r\n\t\t\t\t\r\n\t\t\t\t\t\t\t\t\t\t\t\t\r\n\t\t\t\t\t\t\t\t<div class=\"featured-item\">\r\n\t\t\t\t\t<div class=\"featured-img\">\r\n\t\t\t\t\t\t\t\t\t\t\t<a target=\"_self\" href=\"http:\/\/www.taskomuru.gov.tr\/\"><img loading=\"lazy\" decoding=\"async\" width=\"200\" height=\"246\" src=\"https:\/\/tktore.com\/wp-content\/uploads\/2019\/11\/unnamed-1-200x246.png\" class=\"attachment-talon-home-small size-talon-home-small wp-post-image\" alt=\"\" srcset=\"https:\/\/tktore.com\/wp-content\/uploads\/2019\/11\/unnamed-1-200x246.png 200w, https:\/\/tktore.com\/wp-content\/uploads\/2019\/11\/unnamed-1-244x300.png 244w, https:\/\/tktore.com\/wp-content\/uploads\/2019\/11\/unnamed-1.png 307w\" sizes=\"auto, (max-width: 200px) 100vw, 200px\" \/><\/a>\r\n\t\t\t\t\t\t\t\t\t\t<\/div>\r\n\t\t\t\t\t<div class=\"featured-text\">\r\n\t\t\t\t\t\t<h5>T\u00fcrkiye Ta\u015fk\u00f6m\u00fcr\u00fc Kurumu<\/h5>\r\n\t\t\t\t\t<\/div>\r\n\t\t\t\t<\/div>\r\n\t\t\t\t\r\n\t\t\t\r\n\t\t\t\t\r\n\r\n\t\t<\/div>\r\n\t\t<\/div><\/div><\/div><\/div><\/div><\/div>\n\n\n<a class=\"aligncenter download-button\" href=\"http:\/\/tktore.com?download=450&#038;tmstv=1776674977&#038;v=451\" rel=\"nofollow\">\n\t<p>\n\t\tDownload &ldquo;Davis Derby MineWatch Catalogue&rdquo;\t<\/p>\n\t<small>MineWATCH-Catalogue-1.pdf &ndash; Downloaded 1111 times &ndash; 25 MB<\/small>\n\t<!-- @todo: Progress bar set by Tirim, we should remove it here and add it with hook or where we call for the templates -->\n\t<!-- <span class=\"progress\">\n\t\t<span class=\"progress-inner\"><\/span>\n\t<\/span> -->\n<\/a>\n","protected":false},"excerpt":{"rendered":"","protected":false},"author":1,"featured_media":0,"parent":0,"menu_order":0,"comment_status":"closed","ping_status":"closed","template":"page-templates\/template_page-builder.php","meta":{"_monsterinsights_skip_tracking":false,"_monsterinsights_sitenote_active":false,"_monsterinsights_sitenote_note":"","_monsterinsights_sitenote_category":0,"footnotes":""},"class_list":["post-101","page","type-page","status-publish","hentry","post-item clearfix"],"aioseo_notices":[],"_links":{"self":[{"href":"https:\/\/tktore.com\/index.php?rest_route=\/wp\/v2\/pages\/101","targetHints":{"allow":["GET"]}}],"collection":[{"href":"https:\/\/tktore.com\/index.php?rest_route=\/wp\/v2\/pages"}],"about":[{"href":"https:\/\/tktore.com\/index.php?rest_route=\/wp\/v2\/types\/page"}],"author":[{"embeddable":true,"href":"https:\/\/tktore.com\/index.php?rest_route=\/wp\/v2\/users\/1"}],"replies":[{"embeddable":true,"href":"https:\/\/tktore.com\/index.php?rest_route=%2Fwp%2Fv2%2Fcomments&post=101"}],"version-history":[{"count":151,"href":"https:\/\/tktore.com\/index.php?rest_route=\/wp\/v2\/pages\/101\/revisions"}],"predecessor-version":[{"id":455,"href":"https:\/\/tktore.com\/index.php?rest_route=\/wp\/v2\/pages\/101\/revisions\/455"}],"wp:attachment":[{"href":"https:\/\/tktore.com\/index.php?rest_route=%2Fwp%2Fv2%2Fmedia&parent=101"}],"curies":[{"name":"wp","href":"https:\/\/api.w.org\/{rel}","templated":true}]}}