{"id":2,"date":"2018-12-12T01:52:18","date_gmt":"2018-12-12T01:52:18","guid":{"rendered":"http:\/\/tktore.com\/?page_id=2"},"modified":"2020-09-29T14:07:20","modified_gmt":"2020-09-29T14:07:20","slug":"urunlerimiz","status":"publish","type":"page","link":"https:\/\/tktore.com\/?page_id=2","title":{"rendered":"\u00dcr\u00fcnlerimiz"},"content":{"rendered":"<div id=\"pl-gb2-69e6008224ea5\"  class=\"panel-layout\" ><div id=\"pg-gb2-69e6008224ea5-0\"  class=\"panel-grid panel-has-style\" ><div style=\"padding-top: 50px; padding-bottom: 10px; \" data-mobile-padding=\"50px\" data-overlay-color=\"#000000\" class=\"panel-row-style panel-row-style-for-gb2-69e6008224ea5-0\" ><div id=\"pgc-gb2-69e6008224ea5-0-0\"  class=\"panel-grid-cell\" ><div id=\"panel-gb2-69e6008224ea5-0-0-0\" class=\"so-panel widget_siteorigin-panels-builder panel-first-child panel-last-child\" data-index=\"0\" ><div style=\"text-align: left;\" data-title-color=\"#2d3142\" data-headings-color=\"#2d3142\" class=\"panel-widget-style panel-widget-style-for-gb2-69e6008224ea5-0-0-0\" ><div id=\"pl-w5f733f92462a2\"  class=\"panel-layout\" ><div id=\"pg-w5f733f92462a2-0\"  class=\"panel-grid panel-has-style\" ><div style=\"padding-top: 100px; padding-bottom: 100px; \" data-mobile-padding=\"50px\" class=\"panel-row-style panel-row-style-for-w5f733f92462a2-0\" ><div id=\"pgc-w5f733f92462a2-0-0\"  class=\"panel-grid-cell\" ><div id=\"panel-w5f733f92462a2-0-0-0\" class=\"so-panel widget_media_image panel-first-child panel-last-child\" data-index=\"0\" ><div style=\"text-align: left;\" data-title-color=\"#2d3142\" data-headings-color=\"#2d3142\" class=\"panel-widget-style panel-widget-style-for-w5f733f92462a2-0-0-0\" ><img loading=\"lazy\" decoding=\"async\" width=\"118\" height=\"79\" src=\"https:\/\/tktore.com\/wp-content\/uploads\/2020\/09\/DD.jpg\" class=\"image wp-image-356  attachment-full size-full\" alt=\"\" style=\"max-width: 100%; height: auto;\" \/><\/div><\/div><\/div><\/div><\/div><\/div><\/div><\/div><\/div><div id=\"pgc-gb2-69e6008224ea5-0-1\"  class=\"panel-grid-cell\" ><div id=\"panel-gb2-69e6008224ea5-0-1-0\" class=\"so-panel widget_sow-image panel-first-child\" data-index=\"1\" ><div style=\"text-align: left;\" data-title-color=\"#2d3142\" data-headings-color=\"#2d3142\" class=\"panel-widget-style panel-widget-style-for-gb2-69e6008224ea5-0-1-0\" ><div\n\t\t\t\n\t\t\tclass=\"so-widget-sow-image so-widget-sow-image-default-4e6925654b7a-2\"\n\t\t\t\n\t\t>\n\n<div class=\"sow-image-container\">\n\t\t<img loading=\"lazy\" decoding=\"async\" src=\"https:\/\/tktore.com\/wp-content\/uploads\/2020\/02\/minescada_1-150x141.jpg\" width=\"150\" height=\"141\" sizes=\"auto, (max-width: 150px) 100vw, 150px\" alt=\"\" \t\tclass=\"so-widget-image\"\/>\n\t<\/div>\n\n<\/div><\/div><\/div>        <div class=\"talon-separator\" style=\"width:100%;height: 10px\"><\/div>\r\n\t\t<div id=\"panel-gb2-69e6008224ea5-0-1-2\" class=\"so-panel widget_sow-image\" data-index=\"3\" ><div style=\"text-align: left;\" data-title-color=\"#2d3142\" data-headings-color=\"#2d3142\" class=\"panel-widget-style panel-widget-style-for-gb2-69e6008224ea5-0-1-2\" ><div\n\t\t\t\n\t\t\tclass=\"so-widget-sow-image so-widget-sow-image-default-8b5b6f678277-2\"\n\t\t\t\n\t\t>\n\n<div class=\"sow-image-container\">\n\t\t<img loading=\"lazy\" decoding=\"async\" src=\"https:\/\/tktore.com\/wp-content\/uploads\/2020\/02\/conveyor-protection-system-150x150.jpg\" width=\"150\" height=\"150\" srcset=\"https:\/\/tktore.com\/wp-content\/uploads\/2020\/02\/conveyor-protection-system-150x150.jpg 150w, https:\/\/tktore.com\/wp-content\/uploads\/2020\/02\/conveyor-protection-system-280x280.jpg 280w\" sizes=\"auto, (max-width: 150px) 100vw, 150px\" alt=\"\" \t\tclass=\"so-widget-image\"\/>\n\t<\/div>\n\n<\/div><\/div><\/div>        <div class=\"talon-separator\" style=\"width:100%;height: 10px\"><\/div>\r\n\t\t<div id=\"panel-gb2-69e6008224ea5-0-1-4\" class=\"so-panel widget_sow-image panel-last-child\" data-index=\"5\" ><div style=\"text-align: left;\" data-title-color=\"#2d3142\" data-headings-color=\"#2d3142\" class=\"panel-widget-style panel-widget-style-for-gb2-69e6008224ea5-0-1-4\" ><div\n\t\t\t\n\t\t\tclass=\"so-widget-sow-image so-widget-sow-image-default-8b5b6f678277-2\"\n\t\t\t\n\t\t>\n\n<div class=\"sow-image-container\">\n\t\t<img loading=\"lazy\" decoding=\"async\" src=\"https:\/\/tktore.com\/wp-content\/uploads\/2020\/02\/trucklog-img-150x150.jpg\" width=\"150\" height=\"150\" sizes=\"auto, (max-width: 150px) 100vw, 150px\" alt=\"\" \t\tclass=\"so-widget-image\"\/>\n\t<\/div>\n\n<\/div><\/div><\/div><\/div><div id=\"pgc-gb2-69e6008224ea5-0-2\"  class=\"panel-grid-cell\" ><div id=\"panel-gb2-69e6008224ea5-0-2-0\" class=\"so-panel widget_sow-headline panel-first-child\" data-index=\"6\" ><div style=\"text-align: left;\" data-title-color=\"#2d3142\" data-headings-color=\"#2d3142\" class=\"panel-widget-style panel-widget-style-for-gb2-69e6008224ea5-0-2-0\" ><div\n\t\t\t\n\t\t\tclass=\"so-widget-sow-headline so-widget-sow-headline-default-821dbcf86c8f-2\"\n\t\t\t\n\t\t><div class=\"sow-headline-container \">\n\t\t\t\t\t\t\t<h1 class=\"sow-headline\">\n\t\t\t\t\t\t\t\t\t\t\t\t\t<a href=\"https:\/\/www.davisderby.com\/product\/minescada\" target=\"_blank\" rel=\"noopener noreferrer\">\n\t\t\t\t\t\t\t\tMineSCADA<\/a>\t\t\t\t\t\t<\/h1>\n\t\t\t\t\t\t\t\t\t\t\t\t<p class=\"sow-sub-headline\">\n\t\t\t\t\t\tG\u00fcn\u00fcm\u00fcz madencili\u011finin gereklili\u011fi olan, maden kontrol ve izleme ihtiyac\u0131na kar\u015f\u0131l\u0131k olarak geli\u015ftirilen MineSCADA\u00ae sistemi\t\t\t\t\t\t<\/p>\n\t\t\t\t\t\t<\/div>\n<\/div><\/div><\/div>        <div class=\"talon-separator\" style=\"width:100%;height: 36px\"><\/div>\r\n\t\t<div id=\"panel-gb2-69e6008224ea5-0-2-2\" class=\"so-panel widget_sow-headline\" data-index=\"8\" ><div style=\"text-align: left;\" data-title-color=\"#2d3142\" data-headings-color=\"#2d3142\" class=\"panel-widget-style panel-widget-style-for-gb2-69e6008224ea5-0-2-2\" ><div\n\t\t\t\n\t\t\tclass=\"so-widget-sow-headline so-widget-sow-headline-default-821dbcf86c8f-2\"\n\t\t\t\n\t\t><div class=\"sow-headline-container \">\n\t\t\t\t\t\t\t<h1 class=\"sow-headline\">\n\t\t\t\t\t\t\t\t\t\t\t\t\t<a href=\"https:\/\/www.davisderby.com\/product\/stedfast\" target=\"_blank\" rel=\"noopener noreferrer\">\n\t\t\t\t\t\t\t\tStedFAST<\/a>\t\t\t\t\t\t<\/h1>\n\t\t\t\t\t\t\t\t\t\t\t\t<p class=\"sow-sub-headline\">\n\t\t\t\t\t\t\u00c7ekme anahtarlar\u0131, kay\u0131\u015f hizalama ve y\u0131rt\u0131lma sens\u00f6rleri, d\u00f6k\u00fclme dedekt\u00f6rleri ile dijital ve analog kayma dedekt\u00f6rleri\t\t\t\t\t\t<\/p>\n\t\t\t\t\t\t<\/div>\n<\/div><\/div><\/div>        <div class=\"talon-separator\" style=\"width:100%;height: 36px\"><\/div>\r\n\t\t<div id=\"panel-gb2-69e6008224ea5-0-2-4\" class=\"so-panel widget_sow-headline panel-last-child\" data-index=\"10\" ><div style=\"text-align: left;\" data-title-color=\"#2d3142\" data-headings-color=\"#2d3142\" class=\"panel-widget-style panel-widget-style-for-gb2-69e6008224ea5-0-2-4\" ><div\n\t\t\t\n\t\t\tclass=\"so-widget-sow-headline so-widget-sow-headline-default-821dbcf86c8f-2\"\n\t\t\t\n\t\t><div class=\"sow-headline-container \">\n\t\t\t\t\t\t\t<h1 class=\"sow-headline\">\n\t\t\t\t\t\t\t\t\t\t\t\t\t<a href=\"https:\/\/www.davisderby.com\/trucklog\" target=\"_blank\" rel=\"noopener noreferrer\">\n\t\t\t\t\t\t\t\tTruckLOG<\/a>\t\t\t\t\t\t<\/h1>\n\t\t\t\t\t\t\t\t\t\t\t\t<p class=\"sow-sub-headline\">\n\t\t\t\t\t\tTruckLOG, depo ortamlar\u0131 ve lojistik hizmetlerinde kullan\u0131lmak \u00fczere tasarlanm\u0131\u015f forkliftler i\u00e7in bir filo y\u00f6netim sistemidir. TruckLOG, depolardaki forklift filolar\u0131n\u0131n emniyetini ve \u00fcretkenli\u011fini art\u0131r\u0131r.\t\t\t\t\t\t<\/p>\n\t\t\t\t\t\t<\/div>\n<\/div><\/div><\/div><\/div><\/div><\/div><div id=\"pg-gb2-69e6008224ea5-1\"  class=\"panel-grid panel-has-style\" ><div style=\"padding-top: 50px; padding-bottom: 10px; \" data-mobile-padding=\"50px\" data-overlay-color=\"#000000\" class=\"panel-row-style panel-row-style-for-gb2-69e6008224ea5-1\" ><div id=\"pgc-gb2-69e6008224ea5-1-0\"  class=\"panel-grid-cell\" ><div id=\"panel-gb2-69e6008224ea5-1-0-0\" class=\"so-panel widget_siteorigin-panels-builder panel-first-child panel-last-child\" data-index=\"11\" ><div style=\"text-align: left;\" data-title-color=\"#2d3142\" data-headings-color=\"#2d3142\" class=\"panel-widget-style panel-widget-style-for-gb2-69e6008224ea5-1-0-0\" ><div id=\"pl-w5f733f924a4c2\"  class=\"panel-layout\" ><div id=\"pg-w5f733f924a4c2-0\"  class=\"panel-grid panel-has-style\" ><div style=\"padding-top: 100px; padding-bottom: 100px; \" data-mobile-padding=\"50px\" class=\"panel-row-style panel-row-style-for-w5f733f924a4c2-0\" ><div id=\"pgc-w5f733f924a4c2-0-0\"  class=\"panel-grid-cell\" ><div id=\"panel-w5f733f924a4c2-0-0-0\" class=\"so-panel widget_media_image panel-first-child panel-last-child\" data-index=\"0\" ><div style=\"text-align: left;\" data-title-color=\"#2d3142\" data-headings-color=\"#2d3142\" class=\"panel-widget-style panel-widget-style-for-w5f733f924a4c2-0-0-0\" ><img loading=\"lazy\" decoding=\"async\" width=\"105\" height=\"45\" src=\"https:\/\/tktore.com\/wp-content\/uploads\/2020\/09\/gct-logo-1.png\" class=\"image wp-image-367  attachment-full size-full\" alt=\"\" style=\"max-width: 100%; height: auto;\" \/><\/div><\/div><\/div><\/div><\/div><\/div><\/div><\/div><\/div><div id=\"pgc-gb2-69e6008224ea5-1-1\"  class=\"panel-grid-cell\" ><div id=\"panel-gb2-69e6008224ea5-1-1-0\" class=\"so-panel widget_sow-image panel-first-child\" data-index=\"12\" ><div style=\"text-align: left;\" data-title-color=\"#2d3142\" data-headings-color=\"#2d3142\" class=\"panel-widget-style panel-widget-style-for-gb2-69e6008224ea5-1-1-0\" ><div\n\t\t\t\n\t\t\tclass=\"so-widget-sow-image so-widget-sow-image-default-4e6925654b7a-2\"\n\t\t\t\n\t\t>\n\n<div class=\"sow-image-container\">\n\t\t<img loading=\"lazy\" decoding=\"async\" src=\"https:\/\/tktore.com\/wp-content\/uploads\/2020\/09\/gctceramic2-1.png\" width=\"150\" height=\"111\" sizes=\"auto, (max-width: 150px) 100vw, 150px\" title=\"gctceramic2\" alt=\"\" \t\tclass=\"so-widget-image\"\/>\n\t<\/div>\n\n<\/div><\/div><\/div>        <div class=\"talon-separator\" style=\"width:100%;height: 10px\"><\/div>\r\n\t\t<div id=\"panel-gb2-69e6008224ea5-1-1-2\" class=\"so-panel widget_sow-image panel-last-child\" data-index=\"14\" ><div style=\"text-align: left;\" data-title-color=\"#2d3142\" data-headings-color=\"#2d3142\" class=\"panel-widget-style panel-widget-style-for-gb2-69e6008224ea5-1-1-2\" ><div\n\t\t\t\n\t\t\tclass=\"so-widget-sow-image so-widget-sow-image-default-8b5b6f678277-2\"\n\t\t\t\n\t\t>\n\n<div class=\"sow-image-container\">\n\t\t<img loading=\"lazy\" decoding=\"async\" src=\"https:\/\/tktore.com\/wp-content\/uploads\/2020\/09\/gctliner-1-150x150.jpg\" width=\"150\" height=\"150\" sizes=\"auto, (max-width: 150px) 100vw, 150px\" title=\"gctliner\" alt=\"\" \t\tclass=\"so-widget-image\"\/>\n\t<\/div>\n\n<\/div><\/div><\/div><\/div><div id=\"pgc-gb2-69e6008224ea5-1-2\"  class=\"panel-grid-cell\" ><div id=\"panel-gb2-69e6008224ea5-1-2-0\" class=\"so-panel widget_sow-headline panel-first-child\" data-index=\"15\" ><div style=\"text-align: left;\" data-title-color=\"#2d3142\" data-headings-color=\"#2d3142\" class=\"panel-widget-style panel-widget-style-for-gb2-69e6008224ea5-1-2-0\" ><div\n\t\t\t\n\t\t\tclass=\"so-widget-sow-headline so-widget-sow-headline-default-821dbcf86c8f-2\"\n\t\t\t\n\t\t><div class=\"sow-headline-container \">\n\t\t\t\t\t\t\t<h1 class=\"sow-headline\">\n\t\t\t\t\t\tVakumlu Seramik Filtre\t\t\t\t\t\t<\/h1>\n\t\t\t\t\t\t\t\t\t\t\t\t<p class=\"sow-sub-headline\">\n\t\t\t\t\t\tVakumlu Seramik Filtre, enerji tasarrufu, y\u00fcksek verimlilik, d\u00fc\u015f\u00fck \u00fcretim maliyeti, y\u00fcksek otomasyon seviyesi, sorunsuz \u00e7al\u0131\u015fma, d\u00fc\u015f\u00fck g\u00fc\u00e7 t\u00fcketimi, d\u00fc\u015f\u00fck nemli filtre keki ve d\u00fc\u015f\u00fck ask\u0131da kat\u0131 madde \u00f6zelliklerine sahip kat\u0131-s\u0131v\u0131 ay\u0131rma filtresidir\t\t\t\t\t\t<\/p>\n\t\t\t\t\t\t<\/div>\n<\/div><\/div><\/div>        <div class=\"talon-separator\" style=\"width:100%;height: 36px\"><\/div>\r\n\t\t<div id=\"panel-gb2-69e6008224ea5-1-2-2\" class=\"so-panel widget_sow-headline panel-last-child\" data-index=\"17\" ><div style=\"text-align: left;\" data-title-color=\"#2d3142\" data-headings-color=\"#2d3142\" class=\"panel-widget-style panel-widget-style-for-gb2-69e6008224ea5-1-2-2\" ><div\n\t\t\t\n\t\t\tclass=\"so-widget-sow-headline so-widget-sow-headline-default-821dbcf86c8f-2\"\n\t\t\t\n\t\t><div class=\"sow-headline-container \">\n\t\t\t\t\t\t\t<h1 class=\"sow-headline\">\n\t\t\t\t\t\tManyetik De\u011firmen Astar\u0131\t\t\t\t\t\t<\/h1>\n\t\t\t\t\t\t\t\t\t\t\t\t<p class=\"sow-sub-headline\">\n\t\t\t\t\t\tBilyal\u0131 de\u011firmen \u00e7al\u0131\u015ft\u0131\u011f\u0131nda, manyetik astar, i\u00e7erde d\u00f6nen materyal ve ince cevherin g\u00f6mleklerle do\u011frudan temas etmesini \u00f6nlemek i\u00e7in belirli bir kal\u0131nl\u0131kta koruma tabakas\u0131 olu\u015fturmak ad\u0131na k\u0131r\u0131k bilyalar\u0131 ve manyetik minerali y\u00fczeye \u00e7eker. Bu da g\u00f6mleklerin hizmet \u00f6mr\u00fcn\u00fc uzat\u0131r.\t\t\t\t\t\t<\/p>\n\t\t\t\t\t\t<\/div>\n<\/div><\/div><\/div><\/div><\/div><\/div><\/div>\n\n\n<p><\/p>\n","protected":false},"excerpt":{"rendered":"","protected":false},"author":1,"featured_media":0,"parent":0,"menu_order":1,"comment_status":"closed","ping_status":"closed","template":"page-templates\/template_page-builder.php","meta":{"_monsterinsights_skip_tracking":false,"_monsterinsights_sitenote_active":false,"_monsterinsights_sitenote_note":"","_monsterinsights_sitenote_category":0,"footnotes":""},"class_list":["post-2","page","type-page","status-publish","hentry","post-item clearfix"],"aioseo_notices":[],"_links":{"self":[{"href":"https:\/\/tktore.com\/index.php?rest_route=\/wp\/v2\/pages\/2","targetHints":{"allow":["GET"]}}],"collection":[{"href":"https:\/\/tktore.com\/index.php?rest_route=\/wp\/v2\/pages"}],"about":[{"href":"https:\/\/tktore.com\/index.php?rest_route=\/wp\/v2\/types\/page"}],"author":[{"embeddable":true,"href":"https:\/\/tktore.com\/index.php?rest_route=\/wp\/v2\/users\/1"}],"replies":[{"embeddable":true,"href":"https:\/\/tktore.com\/index.php?rest_route=%2Fwp%2Fv2%2Fcomments&post=2"}],"version-history":[{"count":75,"href":"https:\/\/tktore.com\/index.php?rest_route=\/wp\/v2\/pages\/2\/revisions"}],"predecessor-version":[{"id":390,"href":"https:\/\/tktore.com\/index.php?rest_route=\/wp\/v2\/pages\/2\/revisions\/390"}],"wp:attachment":[{"href":"https:\/\/tktore.com\/index.php?rest_route=%2Fwp%2Fv2%2Fmedia&parent=2"}],"curies":[{"name":"wp","href":"https:\/\/api.w.org\/{rel}","templated":true}]}}