{"id":60,"date":"2019-12-10T10:06:39","date_gmt":"2019-12-10T10:06:39","guid":{"rendered":"http:\/\/tktore.com\/?page_id=60"},"modified":"2026-04-06T18:54:54","modified_gmt":"2026-04-06T18:54:54","slug":"iletisim","status":"publish","type":"page","link":"https:\/\/tktore.com\/?page_id=60","title":{"rendered":"\u0130leti\u015fim"},"content":{"rendered":"<div id=\"pl-gb60-69e602734473c\"  class=\"panel-layout wp-block-siteorigin-panels-layout-block\" ><div id=\"pg-gb60-69e602734473c-0\"  class=\"panel-grid panel-has-style\" ><div style=\"padding-top: 100px; padding-bottom: 100px; \" data-mobile-padding=\"50px\" data-overlay-color=\"#000000\" class=\"panel-row-style panel-row-style-for-gb60-69e602734473c-0\" ><div id=\"pgc-gb60-69e602734473c-0-0\"  class=\"panel-grid-cell\" ><div id=\"panel-gb60-69e602734473c-0-0-0\" class=\"so-panel widget_text panel-first-child panel-last-child\" data-index=\"0\" ><div style=\"text-align: left;\" data-title-color=\"#2d3142\" data-headings-color=\"#2d3142\" class=\"panel-widget-style panel-widget-style-for-gb60-69e602734473c-0-0-0\" >\t\t\t<div class=\"textwidget\"><table border=\"0\" width=\"500\" cellspacing=\"0\" cellpadding=\"0\"><!-- StartFragment --> <\/p>\n<colgroup>\n<col width=\"65\" \/>\n<col width=\"10\" \/>\n<col width=\"388\" \/> <\/colgroup>\n<tbody>\n<tr>\n<td width=\"65\" height=\"17\"><span style=\"font-weight: bold;\">\u00dcnvan<\/span><\/td>\n<td width=\"10\">:<\/td>\n<td width=\"388\">TKT Bili\u015fim Ticaret A.\u015e<\/td>\n<\/tr>\n<tr>\n<td height=\"15\"><\/td>\n<td><\/td>\n<td><\/td>\n<\/tr>\n<tr>\n<td height=\"15\"><span style=\"font-weight: bold;\">Adres<\/span><\/td>\n<td>:<\/td>\n<td>\u00dcmit Mah 2544. Sokak No: 3 \u00c7ayyolu \u00c7ankaya\/Ankara<\/td>\n<\/tr>\n<tr>\n<td height=\"15\"><\/td>\n<td><\/td>\n<td><\/td>\n<\/tr>\n<tr>\n<td height=\"15\"><span style=\"font-weight: bold;\">Telefon<\/span><\/td>\n<td>:<\/td>\n<td>0090 3129117750<\/td>\n<\/tr>\n<tr>\n<td height=\"15\"><\/td>\n<td><\/td>\n<td><\/td>\n<\/tr>\n<tr>\n<td height=\"15\"><span style=\"font-weight: bold;\">E-Mail<\/span><\/td>\n<td>:<\/td>\n<td>info@tktore.com<\/td>\n<\/tr>\n<p><!-- EndFragment --><\/tbody>\n<\/table>\n<p>&nbsp;<\/p>\n<\/div>\n\t\t<\/div><\/div><\/div><div id=\"pgc-gb60-69e602734473c-0-1\"  class=\"panel-grid-cell\" ><div id=\"panel-gb60-69e602734473c-0-1-0\" class=\"so-panel widget_sow-google-map panel-first-child panel-last-child\" data-index=\"1\" ><div style=\"text-align: left;\" data-title-color=\"#2d3142\" data-headings-color=\"#2d3142\" class=\"panel-widget-style panel-widget-style-for-gb60-69e602734473c-0-1-0\" ><div\n\t\t\t\n\t\t\tclass=\"so-widget-sow-google-map so-widget-sow-google-map-default-6b23895f316e-60\"\n\t\t\t\n\t\t>\n<div class=\"sow-google-map-canvas\"\n\tstyle=\"\"\n\tid=\"map-canvas-e8a4901dd46d69c6c2099b2662743649\"\n\tdata-options=\"{&quot;address&quot;:&quot;ankara&quot;,&quot;zoom&quot;:12,&quot;mobileZoom&quot;:12,&quot;gestureHandling&quot;:&quot;greedy&quot;,&quot;disableUi&quot;:false,&quot;markerIcon&quot;:&quot;&quot;,&quot;markersDraggable&quot;:false,&quot;markerAtCenter&quot;:true,&quot;markerInfoDisplay&quot;:&quot;click&quot;,&quot;markerInfoMultiple&quot;:true,&quot;markerPositions&quot;:&quot;&quot;,&quot;mapName&quot;:&quot;&quot;,&quot;mapStyles&quot;:&quot;&quot;,&quot;directions&quot;:&quot;&quot;,&quot;apiKey&quot;:&quot;AIzaSyDh7IGD2V5XTBPAnupJDHuwgZ3fRQUo7NI&quot;,&quot;breakpoint&quot;:780}\"\n\tdata-fallback-image=\"{&quot;img&quot;:&quot;&quot;}\"><\/div>\n<\/div><\/div><\/div><\/div><\/div><\/div><\/div>\n\n\n<p><\/p>\n","protected":false},"excerpt":{"rendered":"<p>\u00dcnvan : TKT Bili\u015fim Ticaret A.\u015e Adres : \u00dcmit Mah 2544. Sokak No: 3 \u00c7ayyolu \u00c7ankaya\/Ankara Telefon : 0090 3129117750&nbsp;[&hellip;]<\/p>\n","protected":false},"author":1,"featured_media":0,"parent":0,"menu_order":3,"comment_status":"closed","ping_status":"closed","template":"page-templates\/template_page-builder.php","meta":{"_monsterinsights_skip_tracking":false,"_monsterinsights_sitenote_active":false,"_monsterinsights_sitenote_note":"","_monsterinsights_sitenote_category":0,"footnotes":""},"class_list":["post-60","page","type-page","status-publish","hentry","post-item clearfix"],"aioseo_notices":[],"_links":{"self":[{"href":"https:\/\/tktore.com\/index.php?rest_route=\/wp\/v2\/pages\/60","targetHints":{"allow":["GET"]}}],"collection":[{"href":"https:\/\/tktore.com\/index.php?rest_route=\/wp\/v2\/pages"}],"about":[{"href":"https:\/\/tktore.com\/index.php?rest_route=\/wp\/v2\/types\/page"}],"author":[{"embeddable":true,"href":"https:\/\/tktore.com\/index.php?rest_route=\/wp\/v2\/users\/1"}],"replies":[{"embeddable":true,"href":"https:\/\/tktore.com\/index.php?rest_route=%2Fwp%2Fv2%2Fcomments&post=60"}],"version-history":[{"count":16,"href":"https:\/\/tktore.com\/index.php?rest_route=\/wp\/v2\/pages\/60\/revisions"}],"predecessor-version":[{"id":462,"href":"https:\/\/tktore.com\/index.php?rest_route=\/wp\/v2\/pages\/60\/revisions\/462"}],"wp:attachment":[{"href":"https:\/\/tktore.com\/index.php?rest_route=%2Fwp%2Fv2%2Fmedia&parent=60"}],"curies":[{"name":"wp","href":"https:\/\/api.w.org\/{rel}","templated":true}]}}